{"id":29710,"date":"2019-08-16T09:17:14","date_gmt":"2019-08-16T07:17:14","guid":{"rendered":"https:\/\/nutritiondm.ch\/a-propos\/"},"modified":"2021-12-01T17:45:49","modified_gmt":"2021-12-01T16:45:49","slug":"a-propos","status":"publish","type":"page","link":"https:\/\/nutritiondm.ch\/en\/a-propos\/","title":{"rendered":"A propos"},"content":{"rendered":"<p>[vc_row equal_height=&#8221;yes&#8221; simple_background_image_repeat=&#8221;no-repeat&#8221; disable_background_image=&#8221;&#8221; css=&#8221;.vc_custom_1566556835197{padding-top: 145px !important;padding-bottom: 132px !important;}&#8221; simple_background_image=&#8221;1321&#8243; background_image_position=&#8221;bottom left&#8221;][vc_column width=&#8221;1\/4&#8243;][\/vc_column][vc_column width=&#8221;1\/2&#8243;]<div class=\"mkdf-elements-holder   mkdf-one-column  mkdf-responsive-mode-768 \" ><div class=\"mkdf-eh-item   mkdf-horizontal-alignment-center  \" data-item-class=\"mkdf-eh-custom-7061\" data-1025-1399=\"0px 0px 0px 0px\" data-769-1024=\"0px 0px 0px 0px\" data-681-768=\"0px 0px 0px 0px\" data-680=\"0px 0px 0px 0px\">\n\t<div class=\"mkdf-eh-background-holder\"  ><\/div>\n\t<div class=\"mkdf-eh-item-inner\">\n\t\t<div class=\"mkdf-eh-item-content mkdf-eh-custom-7061\" style=\"padding: 0px 70px 0px 70px\">\n\t\t\t<div class=\"mkdf-section-title-holder  mkdf-st-top-tagline-position mkdf-st-center-position mkdf-st-bottom-image-position \" style=\"text-align: center\">\n\t<div class=\"mkdf-st-inner\">\n\t\t\t\t\t\t\t<span class=\"mkdf-st-tagline\" style=\"color: #c6c0b4;margin-bottom: 0px\">\n\t\t\t\tDM Nutrition\t\t\t<\/span>\n\t\t\t\t\t\t\t<h2 class=\"mkdf-st-title\" >\n\t\t\t\tun programme sur mesure\t\t\t<\/h2>\n\t\t\t\t\t\t\t\t\t<p class=\"mkdf-st-text\" style=\"line-height: 20px;margin-top: 12px\">\n\t\t\t\tJe cr\u00e9e des programmes sur mesure qui s'adaptent \u00e0 vos go\u00fbts, vos habitudes alimentaires et votre sant\u00e9. Vous serez coach\u00e9 individuellement pendant tout le long du r\u00e9\u00e9quilibrage alimentaire au minimum une fois par semaine pour suivre votre \u00e9volution et affiner les besoins si n\u00e9c\u00e9ssaire.\t\t\t<\/p>\n\t\t\t\t\t\t\t\t\t<\/div>\n<\/div>\t\t<\/div>\n\t\t\t<\/div>\n<\/div><\/div>[\/vc_column][vc_column width=&#8221;1\/4&#8243;][\/vc_column][\/vc_row][vc_row row_content_width=&#8221;grid&#8221;][vc_column width=&#8221;1\/2&#8243;][vc_single_image image=&#8221;29129&#8243; img_size=&#8221;large&#8221;][\/vc_column][vc_column width=&#8221;1\/2&#8243; css=&#8221;.vc_custom_1636626807591{padding-top: 10px !important;}&#8221;]<div class=\"mkdf-section-title-holder  mkdf-st-top-tagline-position mkdf-st-center-position mkdf-st-bottom-image-position \" style=\"text-align: center\">\n\t<div class=\"mkdf-st-inner\">\n\t\t\t\t\t\t\t\t\t<h3 class=\"mkdf-st-title\" >\n\t\t\t\tMon parcours\t\t\t<\/h3>\n\t\t\t\t\t\t\t<h5 class=\"mkdf-st-subtitle\" >\n\t\t\t\tJe suis convaincue que la cl\u00e9 du bien-\u00eatre mental et physique,<br \/>\npasse par une bonne alimentation et une activit\u00e9 physique r\u00e9guli\u00e8re.<br \/>\n\u201cQue ton aliment soit ta seule m\u00e9decine !\u201d Hippocrate\t\t\t<\/h5>\n\t\t\t\t\t\t\t\t\t\t\t<\/div>\n<\/div>[vc_separator color=&#8221;white&#8221; border_width=&#8221;10&#8243;][vc_column_text css=&#8221;.vc_custom_1638376956733{padding-right: 5% !important;padding-left: 5% !important;}&#8221;]<\/p>\n<p>Depuis de nombreuses ann\u00e9es j\u2019applique moi-m\u00eame cette hygi\u00e8ne de vie et ces principes fondamentaux, tout en restant gourmande et en \u00e9vitant la frustration.<\/p>\n<p>&nbsp;<\/p>\n<p>Je suis \u00e9picurienne de choses simples, comme <strong>un bon fruit de saison qui a du go\u00fbt plut\u00f4t qu\u2019un g\u00e2teau industriel.<\/strong> La diff\u00e9rence entre les 2 ? Un fruit vous apportera des vitamines des min\u00e9raux et des fibres et sera salvateur pour votre corps alors qu\u2019un g\u00e2teau industriel, vous apportera probablement beaucoup de sucre et des additifs chimiques qui d\u2019un point de vue nutritionnel n\u2019ont aucun int\u00e9r\u00eat. Tout d\u00e9pend de quel point de vue on se place.<\/p>\n<p>&nbsp;<\/p>\n<p>J\u2019ai \u00e0 c\u0153ur d\u2019\u00e9duquer mes patient(e)s et leur faire <strong>changer leurs habitudes alimentaires<\/strong> pour \u00e9viter les pi\u00e8ges des maladies dites de civilisation tout en apprenant \u00e0 \u00e9quilibrer ses macro (glucides, prot\u00e9ines et lipides), <strong>g\u00e9rer les quantit\u00e9s, lire les \u00e9tiquettes, choisir les bons produits<\/strong> et<strong> r\u00e9apprendre \u00e0 cuisiner sainement tout en se faisant plaisir.<\/strong> J\u2019aime aussi utiliser en parall\u00e8le la micro-nutrition qui permet de pallier \u00e0 certain manque de notre alimentation moderne.<\/p>\n<p>&nbsp;<\/p>\n<p>N&#8217;h\u00e9sitez pas \u00e0 me contacter pour de plus amples renseignements. Rendez-vous avec votre nutritionniste Delphine Martin par zoom ou entre Gen\u00e8ve et Lausanne.[\/vc_column_text][\/vc_column][\/vc_row][vc_row row_content_width=&#8221;grid&#8221;][vc_column width=&#8221;1\/2&#8243; css=&#8221;.vc_custom_1636626640449{padding-top: 10% !important;}&#8221; offset=&#8221;vc_hidden-sm vc_hidden-xs&#8221;]<div class=\"mkdf-section-title-holder  mkdf-st-top-tagline-position mkdf-st-center-position mkdf-st-bottom-image-position \" style=\"text-align: center\">\n\t<div class=\"mkdf-st-inner\">\n\t\t\t\t\t\t\t\t\t<h3 class=\"mkdf-st-title\" >\n\t\t\t\tMes sp\u00e9cialit\u00e9s\t\t\t<\/h3>\n\t\t\t\t\t\t\t\t\t\t\t\t\t<\/div>\n<\/div>[vc_separator color=&#8221;white&#8221; border_width=&#8221;10&#8243;][vc_column_text]<\/p>\n<h6 style=\"text-align: center;\">Perte de poids<\/h6>\n<p style=\"text-align: center;\">&#8211;<\/p>\n<h6 style=\"text-align: center;\">Suivi alimentation pour femmes enceintes<\/h6>\n<p style=\"text-align: center;\">&#8211;<\/p>\n<h6 style=\"text-align: center;\">Probl\u00e8me de digestion<\/h6>\n<p style=\"text-align: center;\">&#8211;<\/p>\n<h6 style=\"text-align: center;\">Alimentation hypotoxique<\/h6>\n<p style=\"text-align: center;\">&#8211;<\/p>\n<h6 style=\"text-align: center;\">Alimentation pr\u00e9ventive<br \/>\n<em>(pour agir sur les probl\u00e8mes li\u00e9s \u00e0 l\u2019immunit\u00e9, l\u2019\u00e9nergie, l\u2019acidit\u00e9,<br \/>\nl\u2019inflammation, m\u00e9nopause, beaut\u00e9 de la peau, bien \u00eatre mental\u2026)<\/em><\/h6>\n<p>[\/vc_column_text][\/vc_column][vc_column width=&#8221;1\/2&#8243; offset=&#8221;vc_hidden-sm vc_hidden-xs&#8221;][vc_single_image image=&#8221;29570&#8243; img_size=&#8221;large&#8221;][\/vc_column][\/vc_row][vc_row rtl_reverse=&#8221;yes&#8221; row_content_width=&#8221;grid&#8221;][vc_column width=&#8221;1\/2&#8243; css=&#8221;.vc_custom_1636626654155{padding-top: 10% !important;}&#8221; offset=&#8221;vc_hidden-lg vc_hidden-md&#8221;][vc_single_image image=&#8221;29570&#8243; img_size=&#8221;large&#8221;][\/vc_column][vc_column width=&#8221;1\/2&#8243; offset=&#8221;vc_hidden-lg vc_hidden-md&#8221; css=&#8221;.vc_custom_1636626835134{padding-top: 10px !important;}&#8221;]<div class=\"mkdf-section-title-holder  mkdf-st-top-tagline-position mkdf-st-center-position mkdf-st-bottom-image-position \" style=\"text-align: center\">\n\t<div class=\"mkdf-st-inner\">\n\t\t\t\t\t\t\t\t\t<h3 class=\"mkdf-st-title\" >\n\t\t\t\tMes sp\u00e9cialit\u00e9s\t\t\t<\/h3>\n\t\t\t\t\t\t\t\t\t\t\t\t\t<\/div>\n<\/div>[vc_separator color=&#8221;white&#8221; border_width=&#8221;10&#8243;][vc_column_text]<\/p>\n<h6 style=\"text-align: center;\">Perte de poids<\/h6>\n<p style=\"text-align: center;\">&#8211;<\/p>\n<h6 style=\"text-align: center;\">Suivi alimentation pour femmes enceintes<\/h6>\n<p style=\"text-align: center;\">&#8211;<\/p>\n<h6 style=\"text-align: center;\">Probl\u00e8me de digestion<\/h6>\n<p style=\"text-align: center;\">&#8211;<\/p>\n<h6 style=\"text-align: center;\">Alimentation hypotoxique<\/h6>\n<p style=\"text-align: center;\">&#8211;<\/p>\n<h6 style=\"text-align: center;\">Alimentation pr\u00e9ventive<br \/>\n<em>(pour agir sur les probl\u00e8mes li\u00e9s \u00e0 l\u2019immunit\u00e9, l\u2019\u00e9nergie, l\u2019acidit\u00e9,<br \/>\nl\u2019inflammation, m\u00e9nopause, beaut\u00e9 de la peau, bien \u00eatre mental\u2026)<\/em><\/h6>\n<p>[\/vc_column_text][\/vc_column][\/vc_row][vc_row row_content_width=&#8221;grid&#8221;][vc_column width=&#8221;1\/2&#8243;][vc_single_image image=&#8221;29576&#8243; img_size=&#8221;large&#8221;][\/vc_column][vc_column width=&#8221;1\/2&#8243; css=&#8221;.vc_custom_1636626857874{padding-top: 10px !important;}&#8221;]<div class=\"mkdf-section-title-holder  mkdf-st-top-tagline-position mkdf-st-center-position mkdf-st-bottom-image-position \" style=\"text-align: center\">\n\t<div class=\"mkdf-st-inner\">\n\t\t\t\t\t\t\t\t\t<h3 class=\"mkdf-st-title\" >\n\t\t\t\tMes formations\t\t\t<\/h3>\n\t\t\t\t\t\t\t\t\t\t\t\t\t<\/div>\n<\/div>[vc_separator color=&#8221;white&#8221; border_width=&#8221;10&#8243;][vc_column_text css=&#8221;.vc_custom_1636370863144{padding-right: 5% !important;padding-left: 5% !important;}&#8221;]<\/p>\n<h5><strong>2020<\/strong> : Dipl\u00f4me Anatomie-Physiologie &#8211; Cycle 1 ASCA &#8211; Ecole TCMA Gen\u00e8ve<\/h5>\n<p>&nbsp;<\/p>\n<h5><strong>2020<\/strong> : Dipl\u00f4me de Nutrition (Formation compl\u00e8te) &#8211; Cycle 2 ASCA &#8211; Ecole TCMA Gen\u00e8ve<\/h5>\n<p>&nbsp;<\/p>\n<h5><strong>2021<\/strong> : Sujet de m\u00e9moire : \u00ab l\u2019alimentation et la m\u00e9nopause 2021<\/h5>\n<p>&nbsp;<\/p>\n<h5><strong>En cours<\/strong> : Pathologies approfondies &#8211; Cycle 3 ASCA &#8211; Formation compl\u00e8te &#8211; Ecole TCMA Gen\u00e8ve<\/h5>\n<p>[\/vc_column_text][\/vc_column][\/vc_row][vc_section disable_element=&#8221;yes&#8221;][vc_row][vc_column width=&#8221;1\/2&#8243;][vc_single_image image=&#8221;29129&#8243; img_size=&#8221;full&#8221;][\/vc_column][vc_column width=&#8221;1\/2&#8243;][vc_column_text css=&#8221;.vc_custom_1635787725307{padding-right: 20px !important;padding-left: 20px !important;}&#8221;]<\/p>\n<h5><strong>Mon parcours<\/strong><\/h5>\n<p>Je suis convaincue que la cl\u00e9 du bien-\u00eatre mental et physique passe par une bonne alimentation et une activit\u00e9 physique r\u00e9guli\u00e8re. \u201cQue ton aliment soit ta seule m\u00e9decine !\u201d (Hippocrate) Depuis de nombreuses ann\u00e9es j\u2019applique moi-m\u00eame cette hygi\u00e8ne de vie et ces principes fondamentaux, tout en restant gourmande et en \u00e9vitant la frustration. Je suis \u00e9picurienne de choses simples, comme un bon fruit de saison qui a du go\u00fbt plut\u00f4t qu\u2019un g\u00e2teau industriel. La diff\u00e9rence entre les 2 ? Un fruit vous apportera des vitamines des min\u00e9raux et des fibres et sera salvateur pour votre corps alors qu\u2019un g\u00e2teau industriel, vous apportera probablement beaucoup de sucre et des additifs chimiques qui d\u2019un point de vue nutritionnel n\u2019ont aucun int\u00e9r\u00eat. Tout d\u00e9pend de quel point de vue on se place. J\u2019ai \u00e0 c\u0153ur d\u2019\u00e9duquer mes patient(e)s et leur faire changer leurs habitudes pour \u00e9viter les pi\u00e8ges des maladies dites de civilisation tout en apprenant \u00e0 \u00e9quilibrer ses macro (glucides, prot\u00e9ines et lipides), g\u00e9rer les quantit\u00e9s, lire les \u00e9tiquettes, choisir les bons produits et r\u00e9apprendre \u00e0 cuisiner sainement tout en se faisant plaisir. J\u2019aime aussi utiliser en parall\u00e8le la micro-nutrition qui permet de pallier \u00e0 certain manque de notre alimentation moderne.<\/p>\n<p>&nbsp;<\/p>\n<h5><strong>Mes sp\u00e9cialit\u00e9s<\/strong><\/h5>\n<p>Perte de poids<\/p>\n<p>Suivi alimentation pour femmes enceintes<\/p>\n<p>Probl\u00e8me de digestion<\/p>\n<p>Alimentation\u00a0hypotoxique<\/p>\n<p>Alimentation pr\u00e9ventive (pour agir sur les probl\u00e8mes li\u00e9s \u00e0 l\u2019immunit\u00e9, l\u2019\u00e9nergie, l\u2019acidit\u00e9, l\u2019inflammation, m\u00e9nopause, beaut\u00e9 de la peau, bien \u00eatre mental\u2026)<\/p>\n<p>&nbsp;<\/p>\n<h5><strong>Mes formations<\/strong><\/h5>\n<p>2020 &#8211; Dipl\u00f4me Anatomie-Physiologie &#8211; Cycle 1 ASCA &#8211; Ecole TCMA Gen\u00e8ve<\/p>\n<p>2020 &#8211; Dipl\u00f4me de Nutrition (Formation compl\u00e8te) &#8211; Cycle 2 ASCA &#8211; Ecole TCMA Gen\u00e8ve<\/p>\n<p>2021 &#8211; Sujet de m\u00e9moire : \u00ab l\u2019alimentation et la m\u00e9nopause 2021 &#8211;<\/p>\n<p>En cours\u00a0&#8211; Pathologies approfondies &#8211; Cycle 3 ASCA &#8211; Formation compl\u00e8te &#8211; Ecole TCMA Gen\u00e8ve[\/vc_column_text][\/vc_column][\/vc_row][\/vc_section][vc_row css=&#8221;.vc_custom_1634147309198{padding-top: 110px !important;padding-bottom: 105px !important;background-color: #fffcf8 !important;}&#8221;][vc_column width=&#8221;1\/4&#8243; offset=&#8221;vc_col-lg-3 vc_col-md-4&#8243;]<div class=\"mkdf-iwt clearfix  mkdf-iwt-icon-top mkdf-iwt-icon-small\">\n\t\n\t<div class=\"mkdf-iwt-images\">\n\t\t<div class=\"mkdf-iwt-background\" >\n\t\t\t\t\t\t\t\t\t\t\t\t<img loading=\"lazy\" decoding=\"async\" width=\"131\" height=\"111\" src=\"https:\/\/nutritiondm.ch\/wp-content\/uploads\/2019\/08\/m-h-icon-back-1.png\" class=\"attachment-full size-full\" alt=\"m\" \/>\t\t\t\t\t\t\t\t\t\t<\/div>\n\t\t\n\t\t<div class=\"mkdf-iwt-icon\">\n\t\t\t\t\t\t\t\t\t\t\t\t<img loading=\"lazy\" decoding=\"async\" width=\"101\" height=\"101\" src=\"https:\/\/nutritiondm.ch\/wp-content\/uploads\/2021\/10\/DM_a-propos_icon_1-e1634150876283.png\" class=\"attachment-full size-full\" alt=\"\" \/>\t\t\t\t\t\t\t\t\t\t<\/div>\n\t<\/div>\n\t<div class=\"mkdf-iwt-content\" >\n\t\t\t\t\t\t<\/div>\n<\/div>[vc_empty_space height=&#8221;30px&#8221;][\/vc_column][vc_column width=&#8221;1\/4&#8243; offset=&#8221;vc_col-lg-3 vc_col-md-4&#8243;]<div class=\"mkdf-iwt clearfix  mkdf-iwt-icon-top mkdf-iwt-icon-medium\">\n\t\n\t<div class=\"mkdf-iwt-images\">\n\t\t<div class=\"mkdf-iwt-background\" >\n\t\t\t\t\t\t\t\t\t\t\t\t<img loading=\"lazy\" decoding=\"async\" width=\"131\" height=\"111\" src=\"https:\/\/nutritiondm.ch\/wp-content\/uploads\/2019\/08\/m-h-icon-back-2.png\" class=\"attachment-full size-full\" alt=\"m\" \/>\t\t\t\t\t\t\t\t\t\t<\/div>\n\t\t\n\t\t<div class=\"mkdf-iwt-icon\">\n\t\t\t\t\t\t\t\t\t\t\t\t<img loading=\"lazy\" decoding=\"async\" width=\"101\" height=\"101\" src=\"https:\/\/nutritiondm.ch\/wp-content\/uploads\/2021\/10\/DM_a-propos_icon_2-e1634150887605.png\" class=\"attachment-full size-full\" alt=\"\" \/>\t\t\t\t\t\t\t\t\t\t<\/div>\n\t<\/div>\n\t<div class=\"mkdf-iwt-content\" >\n\t\t\t\t\t\t<\/div>\n<\/div>[vc_empty_space height=&#8221;30px&#8221;][\/vc_column][vc_column width=&#8221;1\/4&#8243; offset=&#8221;vc_col-lg-3 vc_col-md-4&#8243;]<div class=\"mkdf-iwt clearfix  mkdf-iwt-icon-top mkdf-iwt-icon-medium\">\n\t\n\t<div class=\"mkdf-iwt-images\">\n\t\t<div class=\"mkdf-iwt-background\" >\n\t\t\t\t\t\t\t\t\t\t\t\t<img loading=\"lazy\" decoding=\"async\" width=\"132\" height=\"111\" src=\"https:\/\/nutritiondm.ch\/wp-content\/uploads\/2019\/08\/m-h-icon-back-3.png\" class=\"attachment-full size-full\" alt=\"m\" \/>\t\t\t\t\t\t\t\t\t\t<\/div>\n\t\t\n\t\t<div class=\"mkdf-iwt-icon\">\n\t\t\t\t\t\t\t\t\t\t\t\t<img loading=\"lazy\" decoding=\"async\" width=\"101\" height=\"101\" src=\"https:\/\/nutritiondm.ch\/wp-content\/uploads\/2021\/10\/DM_a-propos_icon_3-e1634150896768.png\" class=\"attachment-full size-full\" alt=\"\" \/>\t\t\t\t\t\t\t\t\t\t<\/div>\n\t<\/div>\n\t<div class=\"mkdf-iwt-content\" >\n\t\t\t\t\t\t<\/div>\n<\/div>[vc_empty_space height=&#8221;30px&#8221;][\/vc_column][vc_column width=&#8221;1\/4&#8243; offset=&#8221;vc_col-lg-3 vc_col-md-4&#8243;]<div class=\"mkdf-iwt clearfix  mkdf-iwt-icon-top mkdf-iwt-icon-medium\">\n\t\n\t<div class=\"mkdf-iwt-images\">\n\t\t<div class=\"mkdf-iwt-background\" >\n\t\t\t\t\t\t\t\t\t\t\t\t<img loading=\"lazy\" decoding=\"async\" width=\"131\" height=\"111\" src=\"https:\/\/nutritiondm.ch\/wp-content\/uploads\/2019\/08\/m-h-icon-back-4.png\" class=\"attachment-full size-full\" alt=\"m\" \/>\t\t\t\t\t\t\t\t\t\t<\/div>\n\t\t\n\t\t<div class=\"mkdf-iwt-icon\">\n\t\t\t\t\t\t\t\t\t\t\t\t<img loading=\"lazy\" decoding=\"async\" width=\"101\" height=\"101\" src=\"https:\/\/nutritiondm.ch\/wp-content\/uploads\/2021\/10\/DM_a-propos_icon_4-e1634150143471.png\" class=\"attachment-full size-full\" alt=\"\" \/>\t\t\t\t\t\t\t\t\t\t<\/div>\n\t<\/div>\n\t<div class=\"mkdf-iwt-content\" >\n\t\t\t\t\t\t<\/div>\n<\/div>[vc_empty_space height=&#8221;30px&#8221;][\/vc_column][\/vc_row]<\/p>\n","protected":false},"excerpt":{"rendered":"<p>[vc_row equal_height=&#8221;yes&#8221; simple_background_image_repeat=&#8221;no-repeat&#8221; disable_background_image=&#8221;&#8221; css=&#8221;.vc_custom_1566556835197{padding-top: 145px !important;padding-bottom: 132px !important;}&#8221; simple_background_image=&#8221;1321&#8243; background_image_position=&#8221;bottom left&#8221;][vc_column width=&#8221;1\/4&#8243;][\/vc_column][vc_column width=&#8221;1\/2&#8243;][\/vc_column][vc_column width=&#8221;1\/4&#8243;][\/vc_column][\/vc_row][vc_row row_content_width=&#8221;grid&#8221;][vc_column width=&#8221;1\/2&#8243;][vc_single_image image=&#8221;29129&#8243; img_size=&#8221;large&#8221;][\/vc_column][vc_column width=&#8221;1\/2&#8243; css=&#8221;.vc_custom_1636626807591{padding-top: 10px !important;}&#8221;][vc_separator color=&#8221;white&#8221; border_width=&#8221;10&#8243;][vc_column_text css=&#8221;.vc_custom_1638376956733{padding-right: 5% !important;padding-left: 5% !important;}&#8221;] Depuis de nombreuses ann\u00e9es j\u2019applique moi-m\u00eame cette hygi\u00e8ne de vie [&hellip;]<\/p>\n","protected":false},"author":1,"featured_media":0,"parent":0,"menu_order":0,"comment_status":"closed","ping_status":"closed","template":"full-width.php","meta":{"footnotes":""},"class_list":["post-29710","page","type-page","status-publish","hentry"],"yoast_head":"<!-- This site is optimized with the Yoast SEO plugin v27.5 - https:\/\/yoast.com\/product\/yoast-seo-wordpress\/ -->\n<title>A propos - Nutrition DM<\/title>\n<meta name=\"robots\" content=\"index, follow, max-snippet:-1, max-image-preview:large, max-video-preview:-1\" \/>\n<link rel=\"canonical\" href=\"https:\/\/nutritiondm.ch\/en\/a-propos\/\" \/>\n<meta property=\"og:locale\" content=\"en_US\" \/>\n<meta property=\"og:type\" content=\"article\" \/>\n<meta property=\"og:title\" content=\"A propos - Nutrition DM\" \/>\n<meta property=\"og:description\" content=\"[vc_row equal_height=&#8221;yes&#8221; simple_background_image_repeat=&#8221;no-repeat&#8221; disable_background_image=&#8221;&#8221; css=&#8221;.vc_custom_1566556835197{padding-top: 145px !important;padding-bottom: 132px !important;}&#8221; simple_background_image=&#8221;1321&#8243; background_image_position=&#8221;bottom left&#8221;][vc_column width=&#8221;1\/4&#8243;][\/vc_column][vc_column width=&#8221;1\/2&#8243;][\/vc_column][vc_column width=&#8221;1\/4&#8243;][\/vc_column][\/vc_row][vc_row row_content_width=&#8221;grid&#8221;][vc_column width=&#8221;1\/2&#8243;][vc_single_image image=&#8221;29129&#8243; img_size=&#8221;large&#8221;][\/vc_column][vc_column width=&#8221;1\/2&#8243; css=&#8221;.vc_custom_1636626807591{padding-top: 10px !important;}&#8221;][vc_separator color=&#8221;white&#8221; border_width=&#8221;10&#8243;][vc_column_text css=&#8221;.vc_custom_1638376956733{padding-right: 5% !important;padding-left: 5% !important;}&#8221;] Depuis de nombreuses ann\u00e9es j\u2019applique moi-m\u00eame cette hygi\u00e8ne de vie [&hellip;]\" \/>\n<meta property=\"og:url\" content=\"https:\/\/nutritiondm.ch\/en\/a-propos\/\" \/>\n<meta property=\"og:site_name\" content=\"Nutrition DM\" \/>\n<meta property=\"article:modified_time\" content=\"2021-12-01T16:45:49+00:00\" \/>\n<meta name=\"twitter:card\" content=\"summary_large_image\" \/>\n<meta name=\"twitter:label1\" content=\"Est. reading time\" \/>\n\t<meta name=\"twitter:data1\" content=\"4 minutes\" \/>\n<script type=\"application\/ld+json\" class=\"yoast-schema-graph\">{\"@context\":\"https:\\\/\\\/schema.org\",\"@graph\":[{\"@type\":\"WebPage\",\"@id\":\"https:\\\/\\\/nutritiondm.ch\\\/en\\\/a-propos\\\/\",\"url\":\"https:\\\/\\\/nutritiondm.ch\\\/en\\\/a-propos\\\/\",\"name\":\"A propos - Nutrition DM\",\"isPartOf\":{\"@id\":\"https:\\\/\\\/nutritiondm.ch\\\/#website\"},\"datePublished\":\"2019-08-16T07:17:14+00:00\",\"dateModified\":\"2021-12-01T16:45:49+00:00\",\"breadcrumb\":{\"@id\":\"https:\\\/\\\/nutritiondm.ch\\\/en\\\/a-propos\\\/#breadcrumb\"},\"inLanguage\":\"en-US\",\"potentialAction\":[{\"@type\":\"ReadAction\",\"target\":[\"https:\\\/\\\/nutritiondm.ch\\\/en\\\/a-propos\\\/\"]}]},{\"@type\":\"BreadcrumbList\",\"@id\":\"https:\\\/\\\/nutritiondm.ch\\\/en\\\/a-propos\\\/#breadcrumb\",\"itemListElement\":[{\"@type\":\"ListItem\",\"position\":1,\"name\":\"Accueil\",\"item\":\"https:\\\/\\\/nutritiondm.ch\\\/en\\\/\"},{\"@type\":\"ListItem\",\"position\":2,\"name\":\"A propos\"}]},{\"@type\":\"WebSite\",\"@id\":\"https:\\\/\\\/nutritiondm.ch\\\/#website\",\"url\":\"https:\\\/\\\/nutritiondm.ch\\\/\",\"name\":\"Nutrition DM\",\"description\":\"Nutrition DM\",\"publisher\":{\"@id\":\"https:\\\/\\\/nutritiondm.ch\\\/#organization\"},\"potentialAction\":[{\"@type\":\"SearchAction\",\"target\":{\"@type\":\"EntryPoint\",\"urlTemplate\":\"https:\\\/\\\/nutritiondm.ch\\\/?s={search_term_string}\"},\"query-input\":{\"@type\":\"PropertyValueSpecification\",\"valueRequired\":true,\"valueName\":\"search_term_string\"}}],\"inLanguage\":\"en-US\"},{\"@type\":\"Organization\",\"@id\":\"https:\\\/\\\/nutritiondm.ch\\\/#organization\",\"name\":\"DM NUTRITION\",\"url\":\"https:\\\/\\\/nutritiondm.ch\\\/\",\"logo\":{\"@type\":\"ImageObject\",\"inLanguage\":\"en-US\",\"@id\":\"https:\\\/\\\/nutritiondm.ch\\\/#\\\/schema\\\/logo\\\/image\\\/\",\"url\":\"https:\\\/\\\/nutritiondm.ch\\\/wp-content\\\/uploads\\\/2021\\\/10\\\/DM_logo_footer-34.png\",\"contentUrl\":\"https:\\\/\\\/nutritiondm.ch\\\/wp-content\\\/uploads\\\/2021\\\/10\\\/DM_logo_footer-34.png\",\"width\":1402,\"height\":223,\"caption\":\"DM NUTRITION\"},\"image\":{\"@id\":\"https:\\\/\\\/nutritiondm.ch\\\/#\\\/schema\\\/logo\\\/image\\\/\"}}]}<\/script>\n<!-- \/ Yoast SEO plugin. -->","yoast_head_json":{"title":"A propos - Nutrition DM","robots":{"index":"index","follow":"follow","max-snippet":"max-snippet:-1","max-image-preview":"max-image-preview:large","max-video-preview":"max-video-preview:-1"},"canonical":"https:\/\/nutritiondm.ch\/en\/a-propos\/","og_locale":"en_US","og_type":"article","og_title":"A propos - Nutrition DM","og_description":"[vc_row equal_height=&#8221;yes&#8221; simple_background_image_repeat=&#8221;no-repeat&#8221; disable_background_image=&#8221;&#8221; css=&#8221;.vc_custom_1566556835197{padding-top: 145px !important;padding-bottom: 132px !important;}&#8221; simple_background_image=&#8221;1321&#8243; background_image_position=&#8221;bottom left&#8221;][vc_column width=&#8221;1\/4&#8243;][\/vc_column][vc_column width=&#8221;1\/2&#8243;][\/vc_column][vc_column width=&#8221;1\/4&#8243;][\/vc_column][\/vc_row][vc_row row_content_width=&#8221;grid&#8221;][vc_column width=&#8221;1\/2&#8243;][vc_single_image image=&#8221;29129&#8243; img_size=&#8221;large&#8221;][\/vc_column][vc_column width=&#8221;1\/2&#8243; css=&#8221;.vc_custom_1636626807591{padding-top: 10px !important;}&#8221;][vc_separator color=&#8221;white&#8221; border_width=&#8221;10&#8243;][vc_column_text css=&#8221;.vc_custom_1638376956733{padding-right: 5% !important;padding-left: 5% !important;}&#8221;] Depuis de nombreuses ann\u00e9es j\u2019applique moi-m\u00eame cette hygi\u00e8ne de vie [&hellip;]","og_url":"https:\/\/nutritiondm.ch\/en\/a-propos\/","og_site_name":"Nutrition DM","article_modified_time":"2021-12-01T16:45:49+00:00","twitter_card":"summary_large_image","twitter_misc":{"Est. reading time":"4 minutes"},"schema":{"@context":"https:\/\/schema.org","@graph":[{"@type":"WebPage","@id":"https:\/\/nutritiondm.ch\/en\/a-propos\/","url":"https:\/\/nutritiondm.ch\/en\/a-propos\/","name":"A propos - Nutrition DM","isPartOf":{"@id":"https:\/\/nutritiondm.ch\/#website"},"datePublished":"2019-08-16T07:17:14+00:00","dateModified":"2021-12-01T16:45:49+00:00","breadcrumb":{"@id":"https:\/\/nutritiondm.ch\/en\/a-propos\/#breadcrumb"},"inLanguage":"en-US","potentialAction":[{"@type":"ReadAction","target":["https:\/\/nutritiondm.ch\/en\/a-propos\/"]}]},{"@type":"BreadcrumbList","@id":"https:\/\/nutritiondm.ch\/en\/a-propos\/#breadcrumb","itemListElement":[{"@type":"ListItem","position":1,"name":"Accueil","item":"https:\/\/nutritiondm.ch\/en\/"},{"@type":"ListItem","position":2,"name":"A propos"}]},{"@type":"WebSite","@id":"https:\/\/nutritiondm.ch\/#website","url":"https:\/\/nutritiondm.ch\/","name":"Nutrition DM","description":"Nutrition DM","publisher":{"@id":"https:\/\/nutritiondm.ch\/#organization"},"potentialAction":[{"@type":"SearchAction","target":{"@type":"EntryPoint","urlTemplate":"https:\/\/nutritiondm.ch\/?s={search_term_string}"},"query-input":{"@type":"PropertyValueSpecification","valueRequired":true,"valueName":"search_term_string"}}],"inLanguage":"en-US"},{"@type":"Organization","@id":"https:\/\/nutritiondm.ch\/#organization","name":"DM NUTRITION","url":"https:\/\/nutritiondm.ch\/","logo":{"@type":"ImageObject","inLanguage":"en-US","@id":"https:\/\/nutritiondm.ch\/#\/schema\/logo\/image\/","url":"https:\/\/nutritiondm.ch\/wp-content\/uploads\/2021\/10\/DM_logo_footer-34.png","contentUrl":"https:\/\/nutritiondm.ch\/wp-content\/uploads\/2021\/10\/DM_logo_footer-34.png","width":1402,"height":223,"caption":"DM NUTRITION"},"image":{"@id":"https:\/\/nutritiondm.ch\/#\/schema\/logo\/image\/"}}]}},"_links":{"self":[{"href":"https:\/\/nutritiondm.ch\/en\/wp-json\/wp\/v2\/pages\/29710","targetHints":{"allow":["GET"]}}],"collection":[{"href":"https:\/\/nutritiondm.ch\/en\/wp-json\/wp\/v2\/pages"}],"about":[{"href":"https:\/\/nutritiondm.ch\/en\/wp-json\/wp\/v2\/types\/page"}],"author":[{"embeddable":true,"href":"https:\/\/nutritiondm.ch\/en\/wp-json\/wp\/v2\/users\/1"}],"replies":[{"embeddable":true,"href":"https:\/\/nutritiondm.ch\/en\/wp-json\/wp\/v2\/comments?post=29710"}],"version-history":[{"count":1,"href":"https:\/\/nutritiondm.ch\/en\/wp-json\/wp\/v2\/pages\/29710\/revisions"}],"predecessor-version":[{"id":29743,"href":"https:\/\/nutritiondm.ch\/en\/wp-json\/wp\/v2\/pages\/29710\/revisions\/29743"}],"wp:attachment":[{"href":"https:\/\/nutritiondm.ch\/en\/wp-json\/wp\/v2\/media?parent=29710"}],"curies":[{"name":"wp","href":"https:\/\/api.w.org\/{rel}","templated":true}]}}